{"id":713,"date":"2023-06-16T07:44:00","date_gmt":"2023-06-16T07:44:00","guid":{"rendered":"https:\/\/silox.ohmedias.pro\/mentions-legales\/"},"modified":"2023-06-16T07:44:00","modified_gmt":"2023-06-16T07:44:00","slug":"mentions-legales","status":"publish","type":"page","link":"https:\/\/silox.com\/fr\/mentions-legales\/","title":{"rendered":"Mentions l\u00e9gales"},"content":{"rendered":"\n<h2 class=\"wp-block-heading\">1. Identification de l&rsquo;\u00e9diteur et du directeur de publication <\/h2>\n\n\n\n<p>Ce site, accessible \u00e0 l&rsquo;adresse silox.com, est \u00e9dit\u00e9 par Oh ! m\u00e9dias<a href=\"http:\/\/www.ohmedias.com\">(ohmedias.com<\/a>).<\/p>\n\n\n\n<p>Pour toute question ou demande concernant ce site, veuillez contacter l&rsquo;\u00e9diteur \u00e0 l&rsquo;adresse \u00e9lectronique suivante : <a href=\"mailto:contact@ohmedias.com\">contact@ohmedias.com<\/a>.<\/p>\n\n\n\n<h2 class=\"wp-block-heading\">2. H\u00e9bergement du site<\/h2>\n\n\n\n<p>Le site est h\u00e9berg\u00e9 par P4X SPRL, dont le si\u00e8ge social est situ\u00e9 \u00e0 l&rsquo;adresse suivante : Avenue Des Thuyas 5, 4121 Neupr\u00e9, Belgique. Vous pouvez contacter cet h\u00f4te \u00e0 l&rsquo;adresse suivante : <a href=\"mailto:info@p4x.be\">info@p4x.be.<\/a><\/p>\n\n\n\n<h2 class=\"wp-block-heading\">3. Protection des donn\u00e9es \u00e0 caract\u00e8re personnel <\/h2>\n\n\n\n<p>Le d\u00e9l\u00e9gu\u00e9 \u00e0 la protection des donn\u00e9es (DPD) est : Olivier Duchesne, DPO\/CFO. Si vous avez des questions concernant la protection des donn\u00e9es \u00e0 caract\u00e8re personnel, veuillez contacter le DPD \u00e0 l&rsquo;adresse \u00e9lectronique suivante : <a href=\"mailto:oduchesne@silox.com\">oduchesne@silox.com<\/a><\/p>\n\n\n\n<p>Pour en savoir plus sur notre politique de confidentialit\u00e9 et de protection des donn\u00e9es, veuillez consulter notre page sur <a href=\"https:\/\/silox.ohmedias.pro\/fr\/politique-de-confidentialite\/\">la politique de confidentialit\u00e9<\/a>.<\/p>\n\n\n\n<h2 class=\"wp-block-heading\">4. Droits de propri\u00e9t\u00e9 intellectuelle <\/h2>\n\n\n\n<p>Tout le contenu du site, tel que les textes, images, vid\u00e9os, logos, ic\u00f4nes, etc. est prot\u00e9g\u00e9 par les lois sur la propri\u00e9t\u00e9 intellectuelle. Toute reproduction, repr\u00e9sentation, modification, publication, adaptation ou utilisation non autoris\u00e9e des \u00e9l\u00e9ments du site est strictement interdite, sauf accord \u00e9crit pr\u00e9alable de l&rsquo;\u00e9diteur.<\/p>\n\n\n\n<h2 class=\"wp-block-heading\">5. Limitation de la responsabilit\u00e9 <\/h2>\n\n\n\n<p>L&rsquo;\u00e9diteur ne peut \u00eatre tenu pour responsable des dommages directs ou indirects r\u00e9sultant de l&rsquo;utilisation du site ou de l&rsquo;impossibilit\u00e9 d&rsquo;y acc\u00e9der.<\/p>\n\n\n\n<p>L&rsquo;\u00e9diteur se r\u00e9serve le droit de modifier, de suspendre ou d&rsquo;interrompre l&rsquo;acc\u00e8s \u00e0 tout ou partie du site, sans avis pr\u00e9alable.<\/p>\n\n\n\n<h2 class=\"wp-block-heading\">6. Liens hypertextes <\/h2>\n\n\n\n<p>Le site peut contenir des liens vers d&rsquo;autres sites web. L&rsquo;\u00e9diteur ne peut \u00eatre tenu responsable du contenu de ces sites ni de l&rsquo;usage qui en est fait par les utilisateurs.<\/p>\n\n\n\n<h2 class=\"wp-block-heading\">7. Droit applicable et juridiction <\/h2>\n\n\n\n<p>Le pr\u00e9sent avis juridique est r\u00e9gi par le droit belge. En cas de litige, les tribunaux comp\u00e9tents du si\u00e8ge social de l&rsquo;\u00e9diteur seront seuls comp\u00e9tents.<\/p>\n","protected":false},"excerpt":{"rendered":"<p>1. Identification de l&rsquo;\u00e9diteur et du directeur de publication Ce site, accessible \u00e0 l&rsquo;adresse silox.com, est \u00e9dit\u00e9 par Oh ! m\u00e9dias(ohmedias.com). Pour toute question ou demande concernant ce site, veuillez contacter l&rsquo;\u00e9diteur \u00e0 l&rsquo;adresse \u00e9lectronique suivante : contact@ohmedias.com. 2. H\u00e9bergement du site Le site est h\u00e9berg\u00e9 par P4X SPRL, dont le si\u00e8ge social est situ\u00e9 [&hellip;]<\/p>\n","protected":false},"author":1,"featured_media":0,"parent":0,"menu_order":0,"comment_status":"closed","ping_status":"closed","template":"","meta":{"_acf_changed":false,"inline_featured_image":false,"footnotes":""},"class_list":["post-713","page","type-page","status-publish","hentry"],"acf":[],"_links":{"self":[{"href":"https:\/\/silox.com\/fr\/wp-json\/wp\/v2\/pages\/713","targetHints":{"allow":["GET"]}}],"collection":[{"href":"https:\/\/silox.com\/fr\/wp-json\/wp\/v2\/pages"}],"about":[{"href":"https:\/\/silox.com\/fr\/wp-json\/wp\/v2\/types\/page"}],"author":[{"embeddable":true,"href":"https:\/\/silox.com\/fr\/wp-json\/wp\/v2\/users\/1"}],"replies":[{"embeddable":true,"href":"https:\/\/silox.com\/fr\/wp-json\/wp\/v2\/comments?post=713"}],"version-history":[{"count":0,"href":"https:\/\/silox.com\/fr\/wp-json\/wp\/v2\/pages\/713\/revisions"}],"wp:attachment":[{"href":"https:\/\/silox.com\/fr\/wp-json\/wp\/v2\/media?parent=713"}],"curies":[{"name":"wp","href":"https:\/\/api.w.org\/{rel}","templated":true}]}}